{"id":521,"date":"2010-11-18T20:08:32","date_gmt":"2010-11-18T18:08:32","guid":{"rendered":"http:\/\/www.ets250.com\/?page_id=521"},"modified":"2010-11-19T14:19:20","modified_gmt":"2010-11-19T12:19:20","slug":"elektrik","status":"publish","type":"page","link":"https:\/\/www.ets250.com\/?page_id=521","title":{"rendered":"Elektrik"},"content":{"rendered":"<p style=\"text-align: left;\"><strong>ETS 250 ohne Blinker<\/strong><\/p>\n<p style=\"text-align: left;\">ngg_shortcode_0_placeholder<\/p>\n<p style=\"text-align: center;\"><a href=\"http:\/\/www.ets250.com\/wp-content\/uploads\/ets250_oB.pdf\" target=\"_blank\">Download volle Gr\u00f6\u00dfe<\/a><\/p>\n<p style=\"text-align: left;\"><strong>ETS 250 mit Blinker<\/strong><\/p>\n<p style=\"text-align: left;\">ngg_shortcode_1_placeholder<\/p>\n<p style=\"text-align: center;\"><a href=\"http:\/\/www.ets250.com\/wp-content\/uploads\/ets250blinker.pdf\" target=\"_blank\">Download volle Gr\u00f6\u00dfe<\/a><\/p>\n<p>Mit freundlicher Genehmigung: \u00a9 <a href=\"http:\/\/mz-forum.com\/memberlist.php?mode=viewprofile&amp;u=1808\" target=\"_blank\">net-harry<\/a>\u00a0bzw. <a href=\"http:\/\/www.moser-bs.de\/\" target=\"_blank\">http:\/\/www.moser-bs.de\/<\/a><\/p>\n<p style=\"text-align: left;\"><strong>\u00a0<\/strong><\/p>\n<p style=\"text-align: left;\"><strong>Schaltplan ETS 250 Original<\/strong><\/p>\n<p style=\"text-align: center;\">ngg_shortcode_2_placeholder<\/p>\n<p style=\"text-align: center;\"><a href=\"http:\/\/www.ets250.com\/wp-content\/uploads\/Anschlussplan-ETS-250-orig.1.pdf\" target=\"_blank\">Download volle Gr\u00f6\u00dfe<\/a><\/p>\n<p style=\"text-align: center;\">\u00a0<\/p>\n<p style=\"text-align: left;\"><strong>Schaltplan ETS 250 ohne Blinker<\/strong><\/p>\n<p style=\"text-align: center;\">ngg_shortcode_3_placeholder<\/p>\n<p style=\"text-align: center;\"><a href=\"http:\/\/www.ets250.com\/wp-content\/uploads\/Schaltplan-ETS-250-ohne-Blinker1.pdf\" target=\"_blank\">Download volle Gr\u00f6\u00dfe<\/a><\/p>\n<p style=\"text-align: left;\">Mit freundlicher Genehmigung: \u00a9 <a href=\"http:\/\/mz-forum.com\/memberlist.php?mode=viewprofile&amp;u=5577\" target=\"_blank\">Lehmi82<\/a><\/p>\n<p style=\"text-align: center;\">\u00a0<\/p>\n<p style=\"text-align: center;\">ngg_shortcode_4_placeholder\u00a0<a href=\"http:\/\/www.ets250.com\/wp-content\/uploads\/schaltplan-6-volt.jpg\" target=\"_blank\">Download volle Gr\u00f6\u00dfe<\/a><\/p>\n<p>\u00a0<\/p>\nngg_shortcode_5_placeholder\n","protected":false},"excerpt":{"rendered":"<p>ETS 250 ohne Blinker Download volle Gr\u00f6\u00dfe ETS 250 mit Blinker Download volle Gr\u00f6\u00dfe Mit freundlicher Genehmigung: \u00a9 net-harry\u00a0bzw. http:\/\/www.moser-bs.de\/ \u00a0 Schaltplan ETS 250 Original Download volle Gr\u00f6\u00dfe \u00a0 Schaltplan ETS 250 ohne Blinker Download volle Gr\u00f6\u00dfe Mit freundlicher Genehmigung: &hellip; <a href=\"https:\/\/www.ets250.com\/?page_id=521\">Weiterlesen <span class=\"meta-nav\">&rarr;<\/span><\/a><\/p>\n","protected":false},"author":1,"featured_media":0,"parent":0,"menu_order":0,"comment_status":"closed","ping_status":"open","template":"onecolumn-page.php","meta":{"ngg_post_thumbnail":0,"footnotes":""},"class_list":["post-521","page","type-page","status-publish","hentry"],"_links":{"self":[{"href":"https:\/\/www.ets250.com\/index.php?rest_route=\/wp\/v2\/pages\/521","targetHints":{"allow":["GET"]}}],"collection":[{"href":"https:\/\/www.ets250.com\/index.php?rest_route=\/wp\/v2\/pages"}],"about":[{"href":"https:\/\/www.ets250.com\/index.php?rest_route=\/wp\/v2\/types\/page"}],"author":[{"embeddable":true,"href":"https:\/\/www.ets250.com\/index.php?rest_route=\/wp\/v2\/users\/1"}],"replies":[{"embeddable":true,"href":"https:\/\/www.ets250.com\/index.php?rest_route=%2Fwp%2Fv2%2Fcomments&post=521"}],"version-history":[{"count":20,"href":"https:\/\/www.ets250.com\/index.php?rest_route=\/wp\/v2\/pages\/521\/revisions"}],"predecessor-version":[{"id":524,"href":"https:\/\/www.ets250.com\/index.php?rest_route=\/wp\/v2\/pages\/521\/revisions\/524"}],"wp:attachment":[{"href":"https:\/\/www.ets250.com\/index.php?rest_route=%2Fwp%2Fv2%2Fmedia&parent=521"}],"curies":[{"name":"wp","href":"https:\/\/api.w.org\/{rel}","templated":true}]}}