{"id":506,"date":"2010-11-18T19:42:58","date_gmt":"2010-11-18T17:42:58","guid":{"rendered":"http:\/\/www.ets250.com\/?page_id=506"},"modified":"2010-11-18T19:42:58","modified_gmt":"2010-11-18T17:42:58","slug":"technische-informationen","status":"publish","type":"page","link":"https:\/\/www.ets250.com\/?page_id=506","title":{"rendered":"Technische Informationen"},"content":{"rendered":"<p>\u00a0<strong>Motor<\/strong><\/p>\n<table border=\"1\" cellspacing=\"5\" cellpadding=\"5\" bordercolor=\"#111111\">\n<tbody>\n<tr>\n<td><strong>Typ<\/strong><\/td>\n<td>ETS 250 Trophy-Sport<\/td>\n<\/tr>\n<tr>\n<td><strong>Arbeitsverfahren<\/strong><\/td>\n<td>Zweitakt-Umkehrsp\u00fclung<\/td>\n<\/tr>\n<tr>\n<td><strong>K\u00fchlungsart<\/strong><\/td>\n<td>Luft (Fahrtwind)<\/td>\n<\/tr>\n<tr>\n<td><strong>Zylinderanzahl<\/strong><\/td>\n<td>1<\/td>\n<\/tr>\n<tr>\n<td><strong>Hub\/Bohrung<\/strong><\/td>\n<td>65\/69<\/td>\n<\/tr>\n<tr>\n<td><strong>Hubraum<\/strong><\/td>\n<td>243 cm<sup>3<\/sup><\/td>\n<\/tr>\n<tr>\n<td><strong>Verdichtungsverh\u00e4ltnis<\/strong><\/td>\n<td>9,5 &#8230; 10 : 1<\/td>\n<\/tr>\n<tr>\n<td><strong>Leistung<\/strong><\/td>\n<td>14,0 kW = 19,0 DIN-PS = 21 SAE-PS bei 5200 &#8230; 5500 U\/min<\/td>\n<\/tr>\n<tr>\n<td><strong>Max. Drehmoment<\/strong><\/td>\n<td>2,6 kpm bei 4700 &#8230; 5000 U\/min<\/td>\n<\/tr>\n<tr>\n<td><strong>Schmierung<\/strong><\/td>\n<td>Mischungsschmierung 33: 1<br \/>\n(Zweitakt-Motoren\u00f6l)<\/td>\n<\/tr>\n<tr>\n<td><strong>Pleuellager (an Hubzapfen und Kolbenbolzen)<\/strong><\/td>\n<td>k\u00e4figgef\u00fchrtes Nadellager<\/td>\n<\/tr>\n<tr>\n<td><strong>Kurbelwellenhauptlager<\/strong><\/td>\n<td>2 Lager 6305 c 003 f<br \/>\n1 Lager 6302<\/td>\n<\/tr>\n<tr>\n<td><strong>Schmierung der Kurbelwellenhauptlager<\/strong><\/td>\n<td>durch Getriebeschmiermittel<\/td>\n<\/tr>\n<tr>\n<td><strong>Kraftstoff<\/strong><\/td>\n<td>VK 88 (ROZ 88)<\/td>\n<\/tr>\n<\/tbody>\n<\/table>\n<p><strong>Vergaser<\/strong><\/p>\n<table border=\"1\" cellspacing=\"5\" cellpadding=\"5\" bordercolor=\"#111111\">\n<tbody>\n<tr>\n<td align=\"center\"><strong>Typ<\/strong><\/td>\n<td align=\"center\">BVF 28 N 1-3 (Startvergaser)<\/td>\n<\/tr>\n<tr>\n<td align=\"center\"><strong>Vergaserwerte:<\/strong><\/td>\n<td align=\"center\">\u00a0<\/td>\n<\/tr>\n<tr>\n<td align=\"center\"><strong>Durchla\u00df in mm<\/strong><\/td>\n<td align=\"center\">28<\/td>\n<\/tr>\n<tr>\n<td align=\"center\"><strong>Hauptd\u00fcse<\/strong><\/td>\n<td align=\"center\">117<\/td>\n<\/tr>\n<tr>\n<td align=\"center\"><strong>Nadeld\u00fcse<\/strong><\/td>\n<td align=\"center\">67<\/td>\n<\/tr>\n<tr>\n<td align=\"center\"><strong>Teillastnadel<\/strong><\/td>\n<td align=\"center\">Nr. C 5 mit 5 Kerben<\/td>\n<\/tr>\n<tr>\n<td align=\"center\"><strong>Nadelstellung von oben<\/strong><\/td>\n<td align=\"center\">3 &#8230; 4<sup>*<\/sup>) (4 f\u00fcr die Einfahrzeit)<\/td>\n<\/tr>\n<tr>\n<td align=\"center\"><strong>Startd\u00fcse<\/strong><\/td>\n<td align=\"center\">100<\/td>\n<\/tr>\n<tr>\n<td align=\"center\"><strong>Leerlaufd\u00fcse<\/strong><\/td>\n<td align=\"center\">40<\/td>\n<\/tr>\n<tr>\n<td align=\"center\"><strong>Leerlauf-Luftschraube<\/strong><\/td>\n<td align=\"center\">2 &#8230; 3 Umdrehungen offen<\/td>\n<\/tr>\n<tr>\n<td align=\"center\"><strong>Luftfilter<\/strong><\/td>\n<td align=\"center\">Trockenluftfilter (Papiereinsatz) im Ansaugger\u00e4uschd\u00e4mpfer<\/td>\n<\/tr>\n<\/tbody>\n<\/table>\n<p><strong>Elektrische Anlage<\/strong><\/p>\n<table style=\"height: 557px;\" border=\"1\" cellspacing=\"5\" cellpadding=\"5\" bordercolor=\"#111111\">\n<tbody>\n<tr>\n<td height=\"19\" align=\"center\"><strong>Z\u00fcndung<\/strong><\/td>\n<td height=\"19\" align=\"center\">Batteriez\u00fcndung mit Fliehkraftregler<\/td>\n<\/tr>\n<tr>\n<td height=\"19\" align=\"center\"><strong>Z\u00fcndzeitpunkt<\/strong><\/td>\n<td height=\"19\" align=\"center\">3,0 mm vor OT, bei vollausgedr\u00fcckten Fliehgewichten<\/td>\n<\/tr>\n<tr>\n<td height=\"19\" align=\"center\"><strong>Unterbrecherkontaktabstand<\/strong><\/td>\n<td height=\"19\" align=\"center\">0,3 mm<\/td>\n<\/tr>\n<tr>\n<td height=\"19\" align=\"center\"><strong>Z\u00fcndkerze<\/strong><\/td>\n<td height=\"19\" align=\"center\">Isolator M 14\/260<\/td>\n<\/tr>\n<tr>\n<td height=\"17\" align=\"center\"><strong>Elektrodenabstand<\/strong><\/td>\n<td height=\"17\" align=\"center\">0,6 mm<\/td>\n<\/tr>\n<tr>\n<td height=\"19\" align=\"center\"><strong>Lichtmaschine<\/strong><\/td>\n<td height=\"19\" align=\"center\">Gleichstrom 6 V, 60 W; kurzzeitig 90 W<\/td>\n<\/tr>\n<tr>\n<td height=\"19\" align=\"center\"><strong>Ladekontrollampe<\/strong><\/td>\n<td height=\"19\" align=\"center\">(rot) im Tachometer<\/td>\n<\/tr>\n<tr>\n<td height=\"19\" align=\"center\"><strong>Regler<\/strong><\/td>\n<td height=\"19\" align=\"center\">RSC 60\/6 unter der linken Seitenverkleidung<\/td>\n<\/tr>\n<tr>\n<td height=\"19\" align=\"center\"><strong>Batterie<\/strong><\/td>\n<td height=\"19\" align=\"center\">6 V, 12 Ah (Bleisammler &#8211; Flachbatterie)<\/td>\n<\/tr>\n<tr>\n<td height=\"19\" align=\"center\"><strong>Z\u00fcndspule<\/strong><\/td>\n<td height=\"19\" align=\"center\">6 V, unter der linken Verkleidung<\/td>\n<\/tr>\n<tr>\n<td height=\"19\" align=\"center\"><strong>Scheinwerfer<\/strong><\/td>\n<td height=\"19\" align=\"center\">Lichtaustritt 160 mm<\/td>\n<\/tr>\n<tr>\n<td height=\"19\" align=\"center\"><strong>Abblendschalter<\/strong><\/td>\n<td height=\"19\" align=\"center\">am Lenker links<\/td>\n<\/tr>\n<tr>\n<td height=\"19\" align=\"center\"><strong>Schlu\u00dfleuchte<\/strong><\/td>\n<td height=\"19\" align=\"center\">Lichtaustritt 95 mm<\/td>\n<\/tr>\n<tr>\n<td height=\"19\" align=\"center\"><strong>kombiniert mit Bremslicht<\/strong><\/td>\n<td height=\"19\" align=\"center\">Kontakt am hinteren Bremsschl\u00fcssel<\/td>\n<\/tr>\n<tr>\n<td height=\"19\" align=\"center\"><strong>Signalhorn<\/strong><\/td>\n<td height=\"19\" align=\"center\">unter dem Kraftstoffbeh\u00e4lter<\/td>\n<\/tr>\n<tr>\n<td height=\"19\" align=\"center\"><strong>Lichthupe<\/strong><\/td>\n<td height=\"19\" align=\"center\">wird durch Druckknopf unter dem Abblendschalter bet\u00e4tigt<\/td>\n<\/tr>\n<\/tbody>\n<\/table>\n<p><strong>Getriebe<\/strong><\/p>\n<table border=\"1\" cellspacing=\"5\" cellpadding=\"5\" bordercolor=\"#111111\">\n<tbody>\n<tr>\n<td align=\"center\"><strong>Kupplung<\/strong><\/td>\n<td align=\"center\">auf dem linken Kurbelwellenstumpf &#8211; im \u00d6lbad<br \/>\n(5 Reibscheiben mit Korkanteilen)<\/td>\n<\/tr>\n<tr>\n<td align=\"center\"><strong>Schaltung<\/strong><\/td>\n<td align=\"center\">Fu\u00dfschaltung<\/td>\n<\/tr>\n<tr>\n<td align=\"center\"><strong>Anzahl der G\u00e4nge<\/strong><\/td>\n<td align=\"center\">4<\/td>\n<\/tr>\n<tr>\n<td align=\"center\"><strong>Getriebeabstufung:<\/strong><\/td>\n<td align=\"center\">\u00a0<\/td>\n<\/tr>\n<tr>\n<td align=\"center\"><strong>1. Gang<\/strong><\/td>\n<td align=\"center\">2,77 : 1<\/td>\n<\/tr>\n<tr>\n<td align=\"center\"><strong>2. Gang<\/strong><\/td>\n<td align=\"center\">1,80 : 1<\/td>\n<\/tr>\n<tr>\n<td align=\"center\"><strong>3. Gang<\/strong><\/td>\n<td align=\"center\">1,23 : 1<\/td>\n<\/tr>\n<tr>\n<td align=\"center\"><strong>4. Gang<\/strong><\/td>\n<td align=\"center\">0,92 : 1<\/td>\n<\/tr>\n<tr>\n<td align=\"center\"><strong>Leerlaufanzeige<\/strong><\/td>\n<td align=\"center\">elektrische Kontrollampe (gr\u00fcn) im Tacho<\/td>\n<\/tr>\n<\/tbody>\n<\/table>\n<p><strong>Kraft\u00fcbertragung<\/strong><\/p>\n<table border=\"1\" cellspacing=\"5\" cellpadding=\"5\" bordercolor=\"#111111\">\n<tbody>\n<tr>\n<td align=\"center\"><strong>\u00dcbersetzung<\/strong><\/td>\n<td align=\"center\">\u00a0<\/td>\n<\/tr>\n<tr>\n<td align=\"center\"><strong>Motor-Getriebe<\/strong><\/td>\n<td align=\"center\">2,43 : 1<\/td>\n<\/tr>\n<tr>\n<td align=\"center\"><strong>durch schr\u00e4gverzahnte Stirnr\u00e4der<\/strong><\/td>\n<td align=\"center\">28 : 68 Z\u00e4hne<\/td>\n<\/tr>\n<tr>\n<td align=\"center\"><strong>\u00dcbersetzung<\/strong><\/td>\n<td align=\"center\">\u00a0<\/td>\n<\/tr>\n<tr>\n<td align=\"center\"><strong>Getriebe-Hinterrad<\/strong><\/td>\n<td align=\"center\">2,14 : 1 x 21 : 45 Z\u00e4hne<\/td>\n<\/tr>\n<tr>\n<td align=\"center\"><strong>durch Rollenkette<\/strong><\/td>\n<td align=\"center\">12,7&#215;7,75&#215;8,51 mm<br \/>\n= 1\/2 x 5\/16 Zoll<\/td>\n<\/tr>\n<\/tbody>\n<\/table>\n<p><strong>Fahrgestell<\/strong><\/p>\n<table border=\"1\" cellspacing=\"5\" cellpadding=\"5\" bordercolor=\"#111111\">\n<tbody>\n<tr>\n<td align=\"center\"><strong>Rahmen<\/strong><\/td>\n<td align=\"center\">Einrohrrahmen, geschwei\u00dft.<br \/>\nElastische Motoraufh\u00e4ngung Gummibl\u00f6cken<\/td>\n<\/tr>\n<tr>\n<td align=\"center\"><strong>Art der Federung<\/strong><\/td>\n<td align=\"center\">\u00a0<\/td>\n<\/tr>\n<tr>\n<td align=\"center\"><strong>vorn<\/strong><\/td>\n<td align=\"center\">Teleskopgabel mit \u00d6lsto\u00dfd\u00e4mpfung, 145 mm Federweg<\/td>\n<\/tr>\n<tr>\n<td align=\"center\"><strong>hinten<\/strong><\/td>\n<td align=\"center\">Federbeine mit \u00d6lsto\u00dfd\u00e4mpfung, 105 mm Federweg, Federh\u00e4rte verstellbar<\/td>\n<\/tr>\n<tr>\n<td align=\"center\"><strong>R\u00e4der<\/strong><\/td>\n<td align=\"center\">Drahtspeichenr\u00e4der mit ungekr\u00f6pften Speichen<\/td>\n<\/tr>\n<tr>\n<td align=\"center\"><strong>Felgengr\u00f6\u00dfe<\/strong><\/td>\n<td align=\"center\">\u00a0<\/td>\n<\/tr>\n<tr>\n<td align=\"center\"><strong>vorn<\/strong><\/td>\n<td align=\"center\">1,60 x 18<\/td>\n<\/tr>\n<tr>\n<td align=\"center\"><strong>hinten<\/strong><\/td>\n<td align=\"center\">2,15 B x 16<\/td>\n<\/tr>\n<tr>\n<td align=\"center\"><strong>Bereifung<\/strong><\/td>\n<td align=\"center\">\u00a0<\/td>\n<\/tr>\n<tr>\n<td align=\"center\"><strong>vorn<\/strong><\/td>\n<td align=\"center\">2,75 &#8211; 18<\/td>\n<\/tr>\n<tr>\n<td align=\"center\"><strong>hinten<\/strong><\/td>\n<td align=\"center\">3,50 &#8211; 16<\/td>\n<\/tr>\n<tr>\n<td align=\"center\"><strong>Reifenluftdruck<br \/>\n(at \u00dcberdruck)<\/strong><\/td>\n<td align=\"center\">\u00a0<\/td>\n<\/tr>\n<tr>\n<td align=\"center\"><strong>vorn<\/strong><\/td>\n<td align=\"center\">1,5 at<\/td>\n<\/tr>\n<tr>\n<td align=\"center\"><strong>hinten<\/strong><\/td>\n<td align=\"center\">1,9 at f\u00fcr Solofahrt<\/td>\n<\/tr>\n<tr>\n<td align=\"center\"><strong>hinten<\/strong><\/td>\n<td align=\"center\">2,1 at f\u00fcr Soziusfahrt<\/td>\n<\/tr>\n<tr>\n<td align=\"center\"><strong>Bremsen<\/strong><\/td>\n<td align=\"center\">Vollnabenbremsen<\/td>\n<\/tr>\n<\/tbody>\n<\/table>\n<p><strong>Ma\u00dfe und Massen<\/strong><\/p>\n<table border=\"1\" cellspacing=\"5\" cellpadding=\"5\" bordercolor=\"#111111\">\n<tbody>\n<tr>\n<td align=\"center\"><strong>Radstand<\/strong><\/td>\n<td align=\"center\">1380 mm<\/td>\n<\/tr>\n<tr>\n<td align=\"center\"><strong>L\u00e4nge<\/strong><\/td>\n<td align=\"center\">2200 mm<\/td>\n<\/tr>\n<tr>\n<td align=\"center\"><strong>Breite mit\/ohne Spiegel<\/strong><\/td>\n<td align=\"center\">750\/610 mm<\/td>\n<\/tr>\n<tr>\n<td align=\"center\"><strong>H\u00f6he mit\/ohne Spiegel<\/strong><\/td>\n<td align=\"center\">1060\/1030 mm<\/td>\n<\/tr>\n<tr>\n<td align=\"center\"><strong>Bauchfreiheit, belastet<\/strong><\/td>\n<td align=\"center\">160 mm<\/td>\n<\/tr>\n<tr>\n<td align=\"center\"><strong>Eigenmasse<\/strong><\/td>\n<td align=\"center\">151 kg<\/td>\n<\/tr>\n<tr>\n<td align=\"center\"><strong>Tragf\u00e4higkeit<\/strong><\/td>\n<td align=\"center\">169 kg<\/td>\n<\/tr>\n<tr>\n<td align=\"center\"><strong>Zul\u00e4ssige Gesamtmasse<\/strong><\/td>\n<td align=\"center\">320 kg<\/td>\n<\/tr>\n<\/tbody>\n<\/table>\n<p><strong>F\u00fcllmengen<\/strong><\/p>\n<table border=\"1\" cellspacing=\"5\" cellpadding=\"5\" bordercolor=\"#111111\">\n<tbody>\n<tr>\n<td align=\"center\"><strong>Getriebe<\/strong><\/td>\n<td align=\"center\">750 cm<sup>3<\/sup> Getriebe\u00f6l GL 60 (legiert) f\u00fcr Sommer und Winter<\/td>\n<\/tr>\n<tr>\n<td align=\"center\"><strong>Kraftstoffbeh\u00e4lter<\/strong><\/td>\n<td align=\"center\">etwa 22 l Kraftstoffmischung 33 : 1<\/td>\n<\/tr>\n<tr>\n<td align=\"center\"><strong>davon Reserve<\/strong><\/td>\n<td align=\"center\">etwa 1,5 l<\/td>\n<\/tr>\n<tr>\n<td align=\"center\"><strong>Teleskopgabel<\/strong><\/td>\n<td align=\"center\">215 cm<sup>3<\/sup> je Holm<\/td>\n<\/tr>\n<tr>\n<td align=\"center\"><strong>Federbeine hinten<\/strong><\/td>\n<td align=\"center\">je 80 cm<sup>3<\/sup> Sto\u00dfd\u00e4mpfer\u00f6l &#8218;Globo&#8216;, Viskosit\u00e4t 1,65 &#8230; 1,92 \u00b0E bei 50 C = 8&#8230;11 eSt\/50\u00b0C<\/td>\n<\/tr>\n<\/tbody>\n<\/table>\n","protected":false},"excerpt":{"rendered":"<p>\u00a0Motor Typ ETS 250 Trophy-Sport Arbeitsverfahren Zweitakt-Umkehrsp\u00fclung K\u00fchlungsart Luft (Fahrtwind) Zylinderanzahl 1 Hub\/Bohrung 65\/69 Hubraum 243 cm3 Verdichtungsverh\u00e4ltnis 9,5 &#8230; 10 : 1 Leistung 14,0 kW = 19,0 DIN-PS = 21 SAE-PS bei 5200 &#8230; 5500 U\/min Max. Drehmoment 2,6 &hellip; <a href=\"https:\/\/www.ets250.com\/?page_id=506\">Weiterlesen <span class=\"meta-nav\">&rarr;<\/span><\/a><\/p>\n","protected":false},"author":1,"featured_media":0,"parent":148,"menu_order":7,"comment_status":"closed","ping_status":"open","template":"onecolumn-page.php","meta":{"ngg_post_thumbnail":0,"footnotes":""},"class_list":["post-506","page","type-page","status-publish","hentry"],"_links":{"self":[{"href":"https:\/\/www.ets250.com\/index.php?rest_route=\/wp\/v2\/pages\/506","targetHints":{"allow":["GET"]}}],"collection":[{"href":"https:\/\/www.ets250.com\/index.php?rest_route=\/wp\/v2\/pages"}],"about":[{"href":"https:\/\/www.ets250.com\/index.php?rest_route=\/wp\/v2\/types\/page"}],"author":[{"embeddable":true,"href":"https:\/\/www.ets250.com\/index.php?rest_route=\/wp\/v2\/users\/1"}],"replies":[{"embeddable":true,"href":"https:\/\/www.ets250.com\/index.php?rest_route=%2Fwp%2Fv2%2Fcomments&post=506"}],"version-history":[{"count":2,"href":"https:\/\/www.ets250.com\/index.php?rest_route=\/wp\/v2\/pages\/506\/revisions"}],"predecessor-version":[{"id":508,"href":"https:\/\/www.ets250.com\/index.php?rest_route=\/wp\/v2\/pages\/506\/revisions\/508"}],"up":[{"embeddable":true,"href":"https:\/\/www.ets250.com\/index.php?rest_route=\/wp\/v2\/pages\/148"}],"wp:attachment":[{"href":"https:\/\/www.ets250.com\/index.php?rest_route=%2Fwp%2Fv2%2Fmedia&parent=506"}],"curies":[{"name":"wp","href":"https:\/\/api.w.org\/{rel}","templated":true}]}}