{"id":472,"date":"2010-11-18T15:22:51","date_gmt":"2010-11-18T13:22:51","guid":{"rendered":"http:\/\/www.ets250.com\/?page_id=472"},"modified":"2010-11-18T20:05:05","modified_gmt":"2010-11-18T18:05:05","slug":"ungewohnliches","status":"publish","type":"page","link":"https:\/\/www.ets250.com\/?page_id=472","title":{"rendered":"Ungew\u00f6hnliches"},"content":{"rendered":"<ul>\n<li>\n<div style=\"text-align: justify;\"><a href=\"http:\/\/www.ets250.com\/?page_id=511\"><strong>ETS 700<\/strong><\/a><\/div>\n<\/li>\n<li><strong><a href=\"http:\/\/www.ets250.com\/?page_id=513\">Reisebericht \u00fcber die winterliche Abholung einer erworbenen ETS 250<\/a><\/strong><\/li>\n<\/ul>\n<p style=\"text-align: justify;\">Auch oder grade\u00a0\u00a0im Zusammenhang mit alten Gebrauchsgegenst\u00e4nden,\u00a0der st\u00e4ndigen Suche nach neuen Informationen,\u00a0oder einfach nur beim &#8222;st\u00f6bern&#8220; im www trifft man des \u00d6fteren auf\u00a0 skurrile\u00a0<strong> <\/strong>oder\u00a0kuriose Fundst\u00fccke.<\/p>\n<p style=\"text-align: justify;\">ngg_shortcode_0_placeholder<\/p>\n<p style=\"text-align: justify;\">Auf dieser Seite m\u00f6chte ich Euch davon berichten.<\/p>\n<hr \/>\n<p style=\"text-align: justify;\"><strong>Die Maus<\/strong><\/p>\n<p style=\"text-align: justify;\">G\u00e1bor Kende aus Ungarn (Besitzer einer restaurierten ETS 250) erwarb eine zweite ETS 250 und stellte beim Auseinanderbau des Motorrades folgendes fest:<\/p>\n<p style=\"text-align: justify;\"><em>&#8220;\u00a0&#8230;Eine arme M\u00e4uslein hatte sich ins Sitzbank eingekrabbelt, und fand bestimmt nicht mehr aus. Wollte durch die Bohrung kommen, passte aber nicht durch&#8230; &#8222;<\/em><\/p>\n<p style=\"text-align: justify;\">ngg_shortcode_1_placeholder<em>\u00a0<\/em><\/p>\n<hr \/>\n<p><strong>Hochseilartistik<\/strong><\/p>\n<p>&#8211; Wie eine ETS 250 zum Hochseilartisten wird &#8211;<\/p>\nngg_shortcode_2_placeholder\n<p style=\"text-align: justify;\"><em>&#8222;Sehr geehrter Herr Gr\u00fcn,<\/em><\/p>\n<p style=\"text-align: justify;\"><em>es ist tats\u00e4chlich eine ETS 250 Trophy Sport, aber den B\u00fcffeltank mussten wir, unter lautem Protest, gegen einen normalen kleinen Tank tauschen. Man konnte auf dem schr\u00e4gen Seil einfach nicht ordentlich stehen und so war es nicht nur unansehnlich, sondern z.T. auch gef\u00e4hrlich.<\/em><\/p>\n<p style=\"text-align: justify;\"><em>Ich werde Ihnen gern Informationen zukommen lassen, bitte aber noch um etwas Geduld.<\/em><\/p>\n<p style=\"text-align: justify;\"><em>Mit freundlichen Gr\u00fc\u00dfen, Kind Regards, <\/em><\/p>\n<p style=\"text-align: justify;\"><em>Peter Mario Weisheit<\/em><\/p>\n<p style=\"text-align: justify;\"><em>Marketing &amp; PR&#8220;<\/em>\u00a0<\/p>\n<hr \/>\n<p><strong>Fundst\u00fcck<\/strong><\/p>\n<p>Blinker aus meiner schwarzen 6 Volt ETS.<\/p>\n<p>2 x 6 Volt 10 Watt<br \/>\n1 x 6 Volt 18 Watt<\/p>\n<p>Was mag man(n) sich wohl dabei gedacht haben?!<\/p>\nngg_shortcode_3_placeholder\n<hr \/>\n","protected":false},"excerpt":{"rendered":"<p>ETS 700 Reisebericht \u00fcber die winterliche Abholung einer erworbenen ETS 250 Auch oder grade\u00a0\u00a0im Zusammenhang mit alten Gebrauchsgegenst\u00e4nden,\u00a0der st\u00e4ndigen Suche nach neuen Informationen,\u00a0oder einfach nur beim &#8222;st\u00f6bern&#8220; im www trifft man des \u00d6fteren auf\u00a0 skurrile\u00a0 oder\u00a0kuriose Fundst\u00fccke. Auf dieser Seite &hellip; <a href=\"https:\/\/www.ets250.com\/?page_id=472\">Weiterlesen <span class=\"meta-nav\">&rarr;<\/span><\/a><\/p>\n","protected":false},"author":1,"featured_media":0,"parent":0,"menu_order":0,"comment_status":"closed","ping_status":"open","template":"onecolumn-page.php","meta":{"ngg_post_thumbnail":0,"footnotes":""},"class_list":["post-472","page","type-page","status-publish","hentry"],"_links":{"self":[{"href":"https:\/\/www.ets250.com\/index.php?rest_route=\/wp\/v2\/pages\/472","targetHints":{"allow":["GET"]}}],"collection":[{"href":"https:\/\/www.ets250.com\/index.php?rest_route=\/wp\/v2\/pages"}],"about":[{"href":"https:\/\/www.ets250.com\/index.php?rest_route=\/wp\/v2\/types\/page"}],"author":[{"embeddable":true,"href":"https:\/\/www.ets250.com\/index.php?rest_route=\/wp\/v2\/users\/1"}],"replies":[{"embeddable":true,"href":"https:\/\/www.ets250.com\/index.php?rest_route=%2Fwp%2Fv2%2Fcomments&post=472"}],"version-history":[{"count":26,"href":"https:\/\/www.ets250.com\/index.php?rest_route=\/wp\/v2\/pages\/472\/revisions"}],"predecessor-version":[{"id":474,"href":"https:\/\/www.ets250.com\/index.php?rest_route=\/wp\/v2\/pages\/472\/revisions\/474"}],"wp:attachment":[{"href":"https:\/\/www.ets250.com\/index.php?rest_route=%2Fwp%2Fv2%2Fmedia&parent=472"}],"curies":[{"name":"wp","href":"https:\/\/api.w.org\/{rel}","templated":true}]}}