{"id":365,"date":"2010-11-17T09:53:09","date_gmt":"2010-11-17T07:53:09","guid":{"rendered":"http:\/\/www.ets250.com\/?page_id=365"},"modified":"2010-12-01T21:53:29","modified_gmt":"2010-12-01T19:53:29","slug":"zeitgenossische-werbung","status":"publish","type":"page","link":"https:\/\/www.ets250.com\/?page_id=365","title":{"rendered":"Zeitgen\u00f6ssische Werbung"},"content":{"rendered":"<p style=\"text-align: center;\"><img decoding=\"async\" class=\"ngg-singlepic ngg-center aligncenter\" src=\"http:\/\/www.ets250.com\/wp-content\/gallery\/werbung\/ets-race.jpg\" alt=\"\" \/><\/p>\n<p style=\"text-align: center;\">Die 250 ccm MZ Trophy-Sport aus Zschopau.<\/p>\n<p style=\"text-align: center;\"><strong>&#8222;F\u00fcr M\u00e4nner die fahren k\u00f6nnen&#8220;.<\/strong>\u00a0<\/p>\n<p style=\"text-align: center;\"><object classid=\"clsid:d27cdb6e-ae6d-11cf-96b8-444553540000\" width=\"480\" height=\"360\" codebase=\"http:\/\/download.macromedia.com\/pub\/shockwave\/cabs\/flash\/swflash.cab#version=6,0,40,0\"><param name=\"allowFullScreen\" value=\"true\" \/><param name=\"allowscriptaccess\" value=\"always\" \/><param name=\"src\" value=\"http:\/\/www.youtube.com\/v\/voSxK4iE1kU?fs=1&amp;hl=de_DE&amp;color1=0x3a3a3a&amp;color2=0x999999\" \/><param name=\"allowfullscreen\" value=\"true\" \/><embed type=\"application\/x-shockwave-flash\" width=\"480\" height=\"360\" src=\"http:\/\/www.youtube.com\/v\/voSxK4iE1kU?fs=1&amp;hl=de_DE&amp;color1=0x3a3a3a&amp;color2=0x999999\" allowfullscreen=\"true\" allowscriptaccess=\"always\"><\/embed><\/object><\/p>\n<p style=\"text-align: left;\">\u00a0<\/p>\n<p style=\"text-align: left;\">ngg_shortcode_0_placeholder<\/p>\n<p style=\"text-align: left;\">ngg_shortcode_1_placeholder<\/p>\n<p style=\"text-align: left;\">ngg_shortcode_2_placeholder<\/p>\n<p style=\"text-align: left;\">ngg_shortcode_3_placeholder<\/p>\n<p style=\"text-align: left;\">ngg_shortcode_4_placeholder<\/p>\n<p style=\"text-align: left;\">ngg_shortcode_5_placeholder<\/p>\n<p style=\"text-align: left;\">ngg_shortcode_6_placeholder<\/p>\n<p style=\"text-align: left;\">ngg_shortcode_7_placeholder<\/p>\n<p style=\"text-align: left;\">ngg_shortcode_8_placeholder<\/p>\n<p style=\"text-align: left;\">ngg_shortcode_9_placeholder<\/p>\n<p style=\"text-align: left;\">ngg_shortcode_10_placeholder<\/p>\n<p style=\"text-align: left;\">ngg_shortcode_11_placeholder<\/p>\n<p style=\"text-align: left;\">ngg_shortcode_12_placeholder<\/p>\n<p style=\"text-align: left;\">ngg_shortcode_13_placeholder<\/p>\nngg_shortcode_14_placeholder\nngg_shortcode_15_placeholder\nngg_shortcode_16_placeholder\nngg_shortcode_17_placeholder\nngg_shortcode_18_placeholder\nngg_shortcode_19_placeholder\nngg_shortcode_20_placeholder\nngg_shortcode_21_placeholder\nngg_shortcode_22_placeholder\nngg_shortcode_23_placeholder\nngg_shortcode_24_placeholder\nngg_shortcode_25_placeholder\nngg_shortcode_26_placeholder\n","protected":false},"excerpt":{"rendered":"<p>Die 250 ccm MZ Trophy-Sport aus Zschopau. &#8222;F\u00fcr M\u00e4nner die fahren k\u00f6nnen&#8220;.\u00a0 \u00a0<\/p>\n","protected":false},"author":1,"featured_media":0,"parent":0,"menu_order":0,"comment_status":"closed","ping_status":"open","template":"onecolumn-page.php","meta":{"ngg_post_thumbnail":0,"footnotes":""},"class_list":["post-365","page","type-page","status-publish","hentry"],"_links":{"self":[{"href":"https:\/\/www.ets250.com\/index.php?rest_route=\/wp\/v2\/pages\/365","targetHints":{"allow":["GET"]}}],"collection":[{"href":"https:\/\/www.ets250.com\/index.php?rest_route=\/wp\/v2\/pages"}],"about":[{"href":"https:\/\/www.ets250.com\/index.php?rest_route=\/wp\/v2\/types\/page"}],"author":[{"embeddable":true,"href":"https:\/\/www.ets250.com\/index.php?rest_route=\/wp\/v2\/users\/1"}],"replies":[{"embeddable":true,"href":"https:\/\/www.ets250.com\/index.php?rest_route=%2Fwp%2Fv2%2Fcomments&post=365"}],"version-history":[{"count":33,"href":"https:\/\/www.ets250.com\/index.php?rest_route=\/wp\/v2\/pages\/365\/revisions"}],"predecessor-version":[{"id":368,"href":"https:\/\/www.ets250.com\/index.php?rest_route=\/wp\/v2\/pages\/365\/revisions\/368"}],"wp:attachment":[{"href":"https:\/\/www.ets250.com\/index.php?rest_route=%2Fwp%2Fv2%2Fmedia&parent=365"}],"curies":[{"name":"wp","href":"https:\/\/api.w.org\/{rel}","templated":true}]}}