{"id":231,"date":"2010-11-09T00:31:49","date_gmt":"2010-11-08T22:31:49","guid":{"rendered":"http:\/\/www.ets250.com\/?page_id=231"},"modified":"2012-10-17T04:37:39","modified_gmt":"2012-10-17T02:37:39","slug":"chronik","status":"publish","type":"page","link":"https:\/\/www.ets250.com\/?page_id=231","title":{"rendered":"Daten &#038; Fakten"},"content":{"rendered":"<hr \/>\n<h1>MZ ETS 125<\/h1>\nngg_shortcode_0_placeholder\n<p>Produktionszeitraum 1969-1973<\/p>\n<p>Hergestellt wurden<\/p>\n<ul>\n<li><strong>1969 <\/strong>&#8211; 562 Exemplare<\/li>\n<li><strong>1970<\/strong> &#8211; 952 Exemplare<\/li>\n<li><strong>1971 <\/strong>&#8211; 1040 Exemplare<\/li>\n<li><strong>1972 <\/strong>&#8211; 1527 Exemplare<\/li>\n<li><strong>1973 <\/strong>&#8211; 783 Exemplare<\/li>\n<\/ul>\n<p>Gesamtsumme 1969-1973 = <strong>4.864 Exemplare<\/strong>.<\/p>\n<hr \/>\n<h1>MZ ETS 150<\/h1>\nngg_shortcode_1_placeholder\n<p>Produktionszeitraum 1969-1973<\/p>\n<p>Hergestellt wurden<\/p>\n<ul>\n<li><strong>1969 <\/strong>&#8211; 1258 Exemplare<\/li>\n<li><strong>1970 <\/strong>&#8211; 1412 Exemplare<\/li>\n<li><strong>1971 <\/strong>&#8211; 2608 Exemplare<\/li>\n<li><strong>1972 <\/strong>&#8211; 4022 Exemplare<\/li>\n<li><strong>1973 <\/strong>&#8211; 4760 Exemplare<\/li>\n<\/ul>\n<p>Gesamtsumme 1969-1973 = <strong>14.060 Exemplare<\/strong>.<\/p>\n<hr \/>\n<h1>MZ ETS 175<\/h1>\nngg_shortcode_2_placeholder\n<p>Produktionszeitraum 1969-1970<\/p>\n<p>Hergestellt wurden<\/p>\n<ul>\n<li><strong>1969 &amp; 1970\u00a0<\/strong>&#8211; 113 Exemplare<\/li>\n<\/ul>\n<p>Gesamtsumme 1969-1970= <strong>113 Exemplare<\/strong>.<\/p>\n<p><strong>100<\/strong> St\u00fcck wurden nach Thailand exportiert, <strong>7<\/strong> nach Polen, <strong>1<\/strong> in die CSSR und <strong>5<\/strong> verblieben in der DDR.<\/p>\n<hr \/>\n<h1>MZ ETS 250<\/h1>\nngg_shortcode_3_placeholder\n<p>Produktionszeitraum 1968-1973<\/p>\n<p>Hergestellt wurden<\/p>\n<ul>\n<li><strong>1968 &#8211;<\/strong> 21 Exemplare<\/li>\n<li><strong>1969 <\/strong>&#8211; 2739 Exemplare<\/li>\n<li><strong>1970 <\/strong>&#8211; 4501 Exemplare<\/li>\n<li><strong>1971 <\/strong>&#8211; 3698 Exemplare<\/li>\n<li><strong>1972 <\/strong>&#8211; 4250 Exemplare<\/li>\n<li><strong>1973 <\/strong>&#8211; 1013 Exemplare<\/li>\n<\/ul>\n<p>Gesamtsumme 1968-1973 = <strong>16.222<\/strong> <strong>Exemplare<\/strong>.<\/p>\n<hr \/>\n<h1>MZ ETS 250\/Eskort<\/h1>\nngg_shortcode_4_placeholder\n<p>Produktionszeitraum 1973 &amp; 1975<\/p>\n<p>Hergestellt wurden<\/p>\n<ul>\n<li><strong>1973<\/strong> &#8211; 30 Exemplare<\/li>\n<li><strong>1975<\/strong> &#8211; 30 Exemplare<\/li>\n<\/ul>\n<p>Gesamtsumme = <strong>60<\/strong> <strong>Exemplare<\/strong>.<\/p>\n<p><strong>\u00a0<\/strong><\/p>\n<p><strong>30 <\/strong>Exemplare wurden nach Ungarn exportiert, <strong>30<\/strong> Exemplare verblieben in der DDR.<\/p>\nngg_shortcode_5_placeholder\n<p style=\"text-align: center;\">Ungarische Eskort auf Ausfahrt und im Gel\u00e4nde.<\/p>\n<p style=\"text-align: center;\">ngg_shortcode_6_placeholder<\/p>\n<hr \/>\n<h2>Chronik der MZ ETS 250:<\/h2>\n<p style=\"text-align: justify;\">Fotos von Designstudien, ausgestellt im Schlo\u00df Wildeck in Zschopau, Museum f\u00fcr die Geschichte des Zschopauer Motorradwerkes.<\/p>\nngg_shortcode_7_placeholder\nngg_shortcode_8_placeholder\nngg_shortcode_9_placeholder\nngg_shortcode_10_placeholder\nngg_shortcode_11_placeholder\nngg_shortcode_12_placeholder\nngg_shortcode_13_placeholder\nngg_shortcode_14_placeholder\nngg_shortcode_15_placeholder\nngg_shortcode_16_placeholder\nngg_shortcode_17_placeholder\nngg_shortcode_18_placeholder\n<p>&nbsp;<\/p>\n<p style=\"text-align: justify;\">Ende der 60er Jahre vollzog sich auf dem Weltmarkt eine Trendwende zum sportlichen Motorrad, bei dem die wendige Teleskopgabel gegen\u00fcber der zwar komfortablen, aber schwereren und im Kurvenfahrbetrieb unhandlicheren Vorderradschwinge bevorzugt wurde.<\/p>\n<p style=\"text-align: justify;\">MZ trug dem Rechnung und brachte 1969 parallel zur MZ ES 250\/2 ein Sportmotorrad mit Teleskopgabel, gr\u00f6\u00dferem Vorderrad und B\u00fcffeltank, die <strong>ETS 250 <\/strong>heraus.<\/p>\n<p style=\"text-align: justify;\">Vorgestellt wurde die ETS 250 Trophy Sport auf der Leipziger Fr\u00fchjahrsmesse 1969.<\/p>\nngg_shortcode_19_placeholder\n<p>Die Eckdaten:<\/p>\n<ul>\n<li>Bj. 1968 &#8211; 1973<\/li>\n<li>243 ccm<\/li>\n<li>19 PS bei 5200 rpm<\/li>\n<li>130 km\/h<\/li>\n<li>151 kg<\/li>\n<\/ul>\n<p style=\"text-align: justify;\"><strong>\u00a0<\/strong><strong>\u00a0<\/strong><\/p>\n<p style=\"text-align: justify;\"><strong>\u00a0Magische Zahl:<br \/>\n<\/strong><br \/>\nMit der MZ ETS 250 Trophy Sport l\u00e4uft am 21.06.1970\u00a0das <strong>1.000.000ste<\/strong> Motorrad seit 1950 vom Band.<\/p>\n<p style=\"text-align: justify;\">Nach nur vier Jahren Bauzeit wurde die Produktion der ETS 250 Trophy Sport im Jahre 1973 nach einer Produktionszahl von insgesamt 16.222 St\u00fcck\u00a0eingestellt.<\/p>\nngg_shortcode_20_placeholder\n<p>Die 16.222St\u00fcck wurden folgenderma\u00dfen aufgeteilt:<\/p>\n<ul>\n<li>12723 Maschinen in der DDR,<\/li>\n<li>1517 gingen in die BRD,<\/li>\n<li>649 nach Frankreich,<\/li>\n<li>634 in das Vereinigte K\u00f6nigreich,<\/li>\n<li>182 nach D\u00e4nemark,<\/li>\n<li>102 in den Irak,<\/li>\n<li>64 nach Australien,<\/li>\n<li>61 in die Niederlande,<\/li>\n<li>62 nach Jugoslawien,<\/li>\n<li>50 in den Iran,<\/li>\n<li>47 in den Jemen,<\/li>\n<li>26 nach Griechenland,<\/li>\n<li>25 in die UdSSR,<\/li>\n<li>18 nach Norwegen,<\/li>\n<li>13 nach Portugal,<\/li>\n<li>9 nach Columbien,<\/li>\n<li>8 nach Ungarn,<\/li>\n<li>7 in die Schweiz,<\/li>\n<li>6 nach Cypern,<\/li>\n<li>4 in die USA,<\/li>\n<li>3 nach Bulgarien,<\/li>\n<li>jeweils 2 Maschinen\u00a0nach Cuba und Panama<\/li>\n<li>jeweils 1 Maschine nach Finnland, Polen, Ghana, Tansania, CSSR, Rum\u00e4nien, Schweden und Syrien.<\/li>\n<\/ul>\n<p style=\"text-align: justify;\">Von diesen 16.222 St\u00fcck sind mit Stand vom 01. Januar 2004 lt. Auskunft des <strong><a href=\"http:\/\/www.kba.de\/\" target=\"_blank\">KBA <\/a><\/strong>&#8211; Kraftfahrt-Bundesamt &#8211; noch genau <strong><a title=\"Schreiben des KBA\" href=\"http:\/\/ets250.com\/Chronik\/kba.pdf\" target=\"_blank\">201 St\u00fcck<\/a>\u00a0<\/strong>(inklusive der vor\u00fcbergehend stillgelegten) in <strong>Deutschland<\/strong> gemeldet.\u00a0\u00a0Mit Stand vom 01. Juli 1987 waren es noch 256 St\u00fcck.<\/p>\n<p style=\"text-align: justify;\">Vor dem Hintergrund der f\u00fcr MZ untypischen geringen St\u00fcckzahl und der kurzen Bauzeit, des Designs, sowie des geringen Bestandes zur heutigen Zeit, geh\u00f6rt die MZ ETS Baureihe heute zu einer der begehrtesten und gesuchtesten Baureihe der\u00a0MZ Modelle.<\/p>\n<hr \/>\n<p style=\"padding-left: 300px;\">ngg_shortcode_21_placeholder<\/p>\n<hr \/>\nngg_shortcode_22_placeholder\nngg_shortcode_23_placeholder\n<hr \/>\n<ul>\n<li>\n<div style=\"text-align: left;\">Angaben zu Produktionszeitr\u00e4umen<\/div>\n<\/li>\n<li>\n<div style=\"text-align: left;\">Angaben zu Produktionszahlen<\/div>\n<\/li>\n<li>\n<div style=\"text-align: left;\">Angaben zu Exportzahlen<\/div>\n<\/li>\n<li>\n<div style=\"text-align: left;\">sowie Bildmaterial aus den Werkslisten<\/div>\n<\/li>\n<\/ul>\n<p><strong>\u00a9 <\/strong><strong>VEB Motorradwerk Zschopau<\/strong><\/p>\n","protected":false},"excerpt":{"rendered":"<p>MZ ETS 125 Produktionszeitraum 1969-1973 Hergestellt wurden 1969 &#8211; 562 Exemplare 1970 &#8211; 952 Exemplare 1971 &#8211; 1040 Exemplare 1972 &#8211; 1527 Exemplare 1973 &#8211; 783 Exemplare Gesamtsumme 1969-1973 = 4.864 Exemplare. MZ ETS 150 Produktionszeitraum 1969-1973 Hergestellt wurden 1969 &hellip; <a href=\"https:\/\/www.ets250.com\/?page_id=231\">Weiterlesen <span class=\"meta-nav\">&rarr;<\/span><\/a><\/p>\n","protected":false},"author":1,"featured_media":0,"parent":339,"menu_order":1,"comment_status":"closed","ping_status":"closed","template":"onecolumn-page.php","meta":{"ngg_post_thumbnail":0,"footnotes":""},"class_list":["post-231","page","type-page","status-publish","hentry"],"_links":{"self":[{"href":"https:\/\/www.ets250.com\/index.php?rest_route=\/wp\/v2\/pages\/231","targetHints":{"allow":["GET"]}}],"collection":[{"href":"https:\/\/www.ets250.com\/index.php?rest_route=\/wp\/v2\/pages"}],"about":[{"href":"https:\/\/www.ets250.com\/index.php?rest_route=\/wp\/v2\/types\/page"}],"author":[{"embeddable":true,"href":"https:\/\/www.ets250.com\/index.php?rest_route=\/wp\/v2\/users\/1"}],"replies":[{"embeddable":true,"href":"https:\/\/www.ets250.com\/index.php?rest_route=%2Fwp%2Fv2%2Fcomments&post=231"}],"version-history":[{"count":112,"href":"https:\/\/www.ets250.com\/index.php?rest_route=\/wp\/v2\/pages\/231\/revisions"}],"predecessor-version":[{"id":596,"href":"https:\/\/www.ets250.com\/index.php?rest_route=\/wp\/v2\/pages\/231\/revisions\/596"}],"up":[{"embeddable":true,"href":"https:\/\/www.ets250.com\/index.php?rest_route=\/wp\/v2\/pages\/339"}],"wp:attachment":[{"href":"https:\/\/www.ets250.com\/index.php?rest_route=%2Fwp%2Fv2%2Fmedia&parent=231"}],"curies":[{"name":"wp","href":"https:\/\/api.w.org\/{rel}","templated":true}]}}